{"id":24548,"date":"2024-03-07T15:34:49","date_gmt":"2024-03-07T14:34:49","guid":{"rendered":"https:\/\/skolkadragonkids.sk\/?page_id=24548"},"modified":"2024-08-11T22:23:09","modified_gmt":"2024-08-11T20:23:09","slug":"kontakt","status":"publish","type":"page","link":"https:\/\/skolkadragonkids.sk\/en\/bb\/kontakt\/","title":{"rendered":"Kontakt"},"content":{"rendered":"\t\t<div data-elementor-type=\"wp-page\" data-elementor-id=\"24548\" class=\"elementor elementor-24548\">\n\t\t\t\t<div class=\"elementor-element elementor-element-d75a330 e-flex e-con-boxed e-con e-parent\" data-id=\"d75a330\" data-element_type=\"container\">\n\t\t\t\t\t<div class=\"e-con-inner\">\n\t\t\t\t\t<\/div>\n\t\t\t\t<\/div>\n\t\t<div class=\"elementor-element elementor-element-6e88d72b e-flex e-con-boxed e-con e-parent\" data-id=\"6e88d72b\" data-element_type=\"container\">\n\t\t\t\t\t<div class=\"e-con-inner\">\n\t\t<div class=\"elementor-element elementor-element-5187f4b9 e-con-full e-flex e-con e-child\" data-id=\"5187f4b9\" data-element_type=\"container\">\n\t\t<div class=\"elementor-element elementor-element-654a32ab e-con-full e-flex e-con e-child\" data-id=\"654a32ab\" data-element_type=\"container\">\n\t\t\t\t<div class=\"elementor-element elementor-element-20004b84 elementor-widget elementor-widget-image\" data-id=\"20004b84\" data-element_type=\"widget\" data-widget_type=\"image.default\">\n\t\t\t\t<div class=\"elementor-widget-container\">\n\t\t\t\t\t\t\t\t\t\t\t\t\t\t\t<img fetchpriority=\"high\" decoding=\"async\" width=\"800\" height=\"168\" src=\"https:\/\/skolkadragonkids.sk\/wp-content\/uploads\/2024\/04\/logo-skolkadragonkids-sirka.svg\" class=\"attachment-large size-large wp-image-25004\" alt=\"\" \/>\t\t\t\t\t\t\t\t\t\t\t\t\t\t\t<\/div>\n\t\t\t\t<\/div>\n\t\t\t\t<div class=\"elementor-element elementor-element-551df398 elementor-widget elementor-widget-heading\" data-id=\"551df398\" data-element_type=\"widget\" data-widget_type=\"heading.default\">\n\t\t\t\t<div class=\"elementor-widget-container\">\n\t\t\t\t\t<h2 class=\"elementor-heading-title elementor-size-default\">Dragon Kids<\/h2>\t\t\t\t<\/div>\n\t\t\t\t<\/div>\n\t\t\t\t<div class=\"elementor-element elementor-element-2fba9937 elementor-widget-divider--view-line elementor-widget elementor-widget-divider\" data-id=\"2fba9937\" data-element_type=\"widget\" data-widget_type=\"divider.default\">\n\t\t\t\t<div class=\"elementor-widget-container\">\n\t\t\t\t\t\t\t<div class=\"elementor-divider\">\n\t\t\t<span class=\"elementor-divider-separator\">\n\t\t\t\t\t\t<\/span>\n\t\t<\/div>\n\t\t\t\t\t\t<\/div>\n\t\t\t\t<\/div>\n\t\t\t\t<div class=\"elementor-element elementor-element-3ea6ab79 elementor-widget elementor-widget-text-editor\" data-id=\"3ea6ab79\" data-element_type=\"widget\" data-widget_type=\"text-editor.default\">\n\t\t\t\t<div class=\"elementor-widget-container\">\n\t\t\t\t\t\t\t\t\t<div class=\"wc149address-title\"><div class=\"wc149address-title\"><div class=\"wc149address-title\"><strong>Spolo\u010dnos\u0165<\/strong><\/div><div><div class=\"wc149address-value\">Hrebendov\u00e1 44\/C<\/div><div class=\"wc149address-value\">811 02 Bratislava &#8211; Star\u00e9 Mesto<\/div><\/div><div class=\"wc149address-value\">I\u010cO: 53826043<\/div><div class=\"wc149address-value\">DI\u010c: 2121507212<\/div><\/div><\/div>\t\t\t\t\t\t\t\t<\/div>\n\t\t\t\t<\/div>\n\t\t\t\t<div class=\"elementor-element elementor-element-e4439c9 elementor-widget-divider--view-line elementor-widget elementor-widget-divider\" data-id=\"e4439c9\" data-element_type=\"widget\" data-widget_type=\"divider.default\">\n\t\t\t\t<div class=\"elementor-widget-container\">\n\t\t\t\t\t\t\t<div class=\"elementor-divider\">\n\t\t\t<span class=\"elementor-divider-separator\">\n\t\t\t\t\t\t<\/span>\n\t\t<\/div>\n\t\t\t\t\t\t<\/div>\n\t\t\t\t<\/div>\n\t\t\t\t<div class=\"elementor-element elementor-element-475d8043 elementor-widget elementor-widget-text-editor\" data-id=\"475d8043\" data-element_type=\"widget\" data-widget_type=\"text-editor.default\">\n\t\t\t\t<div class=\"elementor-widget-container\">\n\t\t\t\t\t\t\t\t\t<div class=\"wc149address-title\"><div class=\"wc149address-title\"><div class=\"wc149address-title\"><div class=\"wc149address-title\"><strong>\u0160k\u00f4lka Dragon Kids Bansk\u00e1 Bystrica<\/strong><\/div><div class=\"wc149address-value\"><p>Spojov\u00e1 19<br \/>974 01\u00a0 Bansk\u00e1 Bystrica<br \/>Slovensko<\/p><\/div><\/div><\/div><\/div>\t\t\t\t\t\t\t\t<\/div>\n\t\t\t\t<\/div>\n\t\t\t\t<\/div>\n\t\t\t\t<\/div>\n\t\t<div class=\"elementor-element elementor-element-f53e331 e-con-full e-flex e-con e-child\" data-id=\"f53e331\" data-element_type=\"container\">\n\t\t<div class=\"elementor-element elementor-element-7ff9876a e-con-full e-flex e-con e-child\" data-id=\"7ff9876a\" data-element_type=\"container\">\n\t\t<div class=\"elementor-element elementor-element-35887bdb e-con-full e-flex e-con e-child\" data-id=\"35887bdb\" data-element_type=\"container\" data-settings=\"{&quot;background_background&quot;:&quot;classic&quot;}\">\n\t\t\t\t<div class=\"elementor-element elementor-element-3df72f8c elementor-position-left elementor-vertical-align-middle elementor-mobile-position-left elementor-view-default elementor-widget elementor-widget-icon-box\" data-id=\"3df72f8c\" data-element_type=\"widget\" data-widget_type=\"icon-box.default\">\n\t\t\t\t<div class=\"elementor-widget-container\">\n\t\t\t\t\t\t\t<div class=\"elementor-icon-box-wrapper\">\n\n\t\t\t\t\t\t<div class=\"elementor-icon-box-icon\">\n\t\t\t\t<a href=\"mailto:infobb@skolkadragonkids.sk\" class=\"elementor-icon\" tabindex=\"-1\" aria-label=\"Email\">\n\t\t\t\t<i aria-hidden=\"true\" class=\"fas fa-envelope\"><\/i>\t\t\t\t<\/a>\n\t\t\t<\/div>\n\t\t\t\n\t\t\t\t\t\t<div class=\"elementor-icon-box-content\">\n\n\t\t\t\t\t\t\t\t\t<span class=\"elementor-icon-box-title\">\n\t\t\t\t\t\t<a href=\"mailto:infobb@skolkadragonkids.sk\" >\n\t\t\t\t\t\t\tEmail\t\t\t\t\t\t<\/a>\n\t\t\t\t\t<\/span>\n\t\t\t\t\n\t\t\t\t\n\t\t\t<\/div>\n\t\t\t\n\t\t<\/div>\n\t\t\t\t\t\t<\/div>\n\t\t\t\t<\/div>\n\t\t\t\t<div class=\"elementor-element elementor-element-4dc24276 elementor-widget elementor-widget-text-editor\" data-id=\"4dc24276\" data-element_type=\"widget\" data-widget_type=\"text-editor.default\">\n\t\t\t\t<div class=\"elementor-widget-container\">\n\t\t\t\t\t\t\t\t\t<p><span style=\"color: #ffffff;\"><a style=\"color: #ffffff;\" href=\"mailto:infobb@skolkadragonkids.sk\" target=\"_blank\" rel=\"noopener\">infobb@skolkadragonkids.sk<\/a><\/span><\/p>\t\t\t\t\t\t\t\t<\/div>\n\t\t\t\t<\/div>\n\t\t\t\t<\/div>\n\t\t\t\t<\/div>\n\t\t<div class=\"elementor-element elementor-element-3da873ce e-con-full e-flex e-con e-child\" data-id=\"3da873ce\" data-element_type=\"container\">\n\t\t<div class=\"elementor-element elementor-element-10b89e3c e-con-full e-flex e-con e-child\" data-id=\"10b89e3c\" data-element_type=\"container\" data-settings=\"{&quot;background_background&quot;:&quot;classic&quot;}\">\n\t\t\t\t<div class=\"elementor-element elementor-element-78c4a7b8 elementor-position-left elementor-vertical-align-middle elementor-mobile-position-left elementor-view-default elementor-widget elementor-widget-icon-box\" data-id=\"78c4a7b8\" data-element_type=\"widget\" data-widget_type=\"icon-box.default\">\n\t\t\t\t<div class=\"elementor-widget-container\">\n\t\t\t\t\t\t\t<div class=\"elementor-icon-box-wrapper\">\n\n\t\t\t\t\t\t<div class=\"elementor-icon-box-icon\">\n\t\t\t\t<a href=\"tel:+421918328039\" class=\"elementor-icon\" tabindex=\"-1\" aria-label=\"Telef\u00f3n\">\n\t\t\t\t<i aria-hidden=\"true\" class=\"fas fa-phone-alt\"><\/i>\t\t\t\t<\/a>\n\t\t\t<\/div>\n\t\t\t\n\t\t\t\t\t\t<div class=\"elementor-icon-box-content\">\n\n\t\t\t\t\t\t\t\t\t<span class=\"elementor-icon-box-title\">\n\t\t\t\t\t\t<a href=\"tel:+421918328039\" >\n\t\t\t\t\t\t\tTelef\u00f3n\t\t\t\t\t\t<\/a>\n\t\t\t\t\t<\/span>\n\t\t\t\t\n\t\t\t\t\n\t\t\t<\/div>\n\t\t\t\n\t\t<\/div>\n\t\t\t\t\t\t<\/div>\n\t\t\t\t<\/div>\n\t\t\t\t<div class=\"elementor-element elementor-element-484870cd elementor-widget elementor-widget-text-editor\" data-id=\"484870cd\" data-element_type=\"widget\" data-widget_type=\"text-editor.default\">\n\t\t\t\t<div class=\"elementor-widget-container\">\n\t\t\t\t\t\t\t\t\t<p><span style=\"color: #ffffff;\"><a style=\"color: #ffffff;\" href=\"tel:+421918328039\">+421 918 328 039<\/a><\/span><\/p>\t\t\t\t\t\t\t\t<\/div>\n\t\t\t\t<\/div>\n\t\t\t\t<\/div>\n\t\t\t\t<\/div>\n\t\t<div class=\"elementor-element elementor-element-4cef6663 e-con-full e-flex e-con e-child\" data-id=\"4cef6663\" data-element_type=\"container\">\n\t\t\t\t<div class=\"elementor-element elementor-element-3b0d5c3c elementor-button-align-stretch elementor-widget elementor-widget-form\" data-id=\"3b0d5c3c\" data-element_type=\"widget\" data-settings=\"{&quot;step_next_label&quot;:&quot;Next&quot;,&quot;step_previous_label&quot;:&quot;Previous&quot;,&quot;button_width&quot;:&quot;100&quot;,&quot;step_type&quot;:&quot;number_text&quot;,&quot;step_icon_shape&quot;:&quot;circle&quot;}\" data-widget_type=\"form.default\">\n\t\t\t\t<div class=\"elementor-widget-container\">\n\t\t\t\t\t\t\t<form class=\"elementor-form\" method=\"post\" name=\"kontakt BB\" novalidate=\"\">\n\t\t\t<input type=\"hidden\" name=\"post_id\" value=\"24548\"\/>\n\t\t\t<input type=\"hidden\" name=\"form_id\" value=\"3b0d5c3c\"\/>\n\t\t\t<input type=\"hidden\" name=\"referer_title\" value=\"\" \/>\n\n\t\t\t\n\t\t\t<div class=\"elementor-form-fields-wrapper elementor-labels-above\">\n\t\t\t\t\t\t\t\t<div class=\"elementor-field-type-text elementor-field-group elementor-column elementor-field-group-name elementor-col-100 elementor-field-required elementor-mark-required\">\n\t\t\t\t\t\t\t\t\t\t\t\t<label for=\"form-field-name\" class=\"elementor-field-label\">\n\t\t\t\t\t\t\t\tMeno\t\t\t\t\t\t\t<\/label>\n\t\t\t\t\t\t\t\t\t\t\t\t\t\t<input size=\"1\" type=\"text\" name=\"form_fields[name]\" id=\"form-field-name\" class=\"elementor-field elementor-size-sm  elementor-field-textual\" placeholder=\"Janko Mrkvi\u010dka\" required=\"required\" aria-required=\"true\">\n\t\t\t\t\t\t\t\t\t\t\t<\/div>\n\t\t\t\t\t\t\t\t<div class=\"elementor-field-type-email elementor-field-group elementor-column elementor-field-group-email elementor-col-100 elementor-field-required elementor-mark-required\">\n\t\t\t\t\t\t\t\t\t\t\t\t<label for=\"form-field-email\" class=\"elementor-field-label\">\n\t\t\t\t\t\t\t\tEmail\t\t\t\t\t\t\t<\/label>\n\t\t\t\t\t\t\t\t\t\t\t\t\t\t<input size=\"1\" type=\"email\" name=\"form_fields[email]\" id=\"form-field-email\" class=\"elementor-field elementor-size-sm  elementor-field-textual\" placeholder=\"janko@mrkvi\u010dka.sk\" required=\"required\" aria-required=\"true\">\n\t\t\t\t\t\t\t\t\t\t\t<\/div>\n\t\t\t\t\t\t\t\t<div class=\"elementor-field-type-textarea elementor-field-group elementor-column elementor-field-group-message elementor-col-100 elementor-field-required elementor-mark-required\">\n\t\t\t\t\t\t\t\t\t\t\t\t<label for=\"form-field-message\" class=\"elementor-field-label\">\n\t\t\t\t\t\t\t\tSpr\u00e1va\t\t\t\t\t\t\t<\/label>\n\t\t\t\t\t\t<textarea class=\"elementor-field-textual elementor-field  elementor-size-sm\" name=\"form_fields[message]\" id=\"form-field-message\" rows=\"4\" placeholder=\"obsah spr\u00e1vy\" required=\"required\" aria-required=\"true\"><\/textarea>\t\t\t\t<\/div>\n\t\t\t\t\t\t\t\t<div class=\"elementor-field-type-recaptcha elementor-field-group elementor-column elementor-field-group-field_c112802 elementor-col-100\">\n\t\t\t\t\t<div class=\"elementor-field\" id=\"form-field-field_c112802\"><div class=\"elementor-g-recaptcha\" data-sitekey=\"6Lf0gCQqAAAAABwKz9duHL9heDeQRtdywjX2KB_X\" data-type=\"v2_checkbox\" data-theme=\"light\" data-size=\"normal\"><\/div><\/div>\t\t\t\t<\/div>\n\t\t\t\t\t\t\t\t<div class=\"elementor-field-group elementor-column elementor-field-type-submit elementor-col-100 e-form__buttons\">\n\t\t\t\t\t<button type=\"submit\" class=\"elementor-button elementor-size-sm\">\n\t\t\t\t\t\t<span >\n\t\t\t\t\t\t\t\t\t\t\t\t\t\t\t<span class=\"elementor-align-icon-left elementor-button-icon\">\n\t\t\t\t\t\t\t\t\t<i aria-hidden=\"true\" class=\"fas fa-envelope\"><\/i>\t\t\t\t\t\t\t\t\t\t\t\t\t\t\t\t\t<\/span>\n\t\t\t\t\t\t\t\t\t\t\t\t\t\t\t\t\t\t\t\t\t\t<span class=\"elementor-button-text\">Odosla\u0165<\/span>\n\t\t\t\t\t\t\t\t\t\t\t\t\t<\/span>\n\t\t\t\t\t<\/button>\n\t\t\t\t<\/div>\n\t\t\t<\/div>\n\t\t<\/form>\n\t\t\t\t\t\t<\/div>\n\t\t\t\t<\/div>\n\t\t\t\t<\/div>\n\t\t\t\t<\/div>\n\t\t\t\t\t<\/div>\n\t\t\t\t<\/div>\n\t\t<div class=\"elementor-element elementor-element-5d4e4bc e-flex e-con-boxed e-con e-parent\" data-id=\"5d4e4bc\" data-element_type=\"container\">\n\t\t\t\t\t<div class=\"e-con-inner\">\n\t\t\t\t<div class=\"elementor-element elementor-element-59088fa elementor-widget elementor-widget-google_maps\" data-id=\"59088fa\" data-element_type=\"widget\" data-widget_type=\"google_maps.default\">\n\t\t\t\t<div class=\"elementor-widget-container\">\n\t\t\t\t\t\t\t<div class=\"elementor-custom-embed\">\n\t\t\t<iframe loading=\"lazy\"\n\t\t\t\t\tsrc=\"https:\/\/maps.google.com\/maps?q=dragon%20kids%20Bansk%C3%A1%20bystrica%20spojov%C3%A1%206308%2F19&#038;t=m&#038;z=14&#038;output=embed&#038;iwloc=near\"\n\t\t\t\t\ttitle=\"dragon kids Bansk\u00e1 bystrica spojov\u00e1 6308\/19\"\n\t\t\t\t\taria-label=\"dragon kids Bansk\u00e1 bystrica spojov\u00e1 6308\/19\"\n\t\t\t><\/iframe>\n\t\t<\/div>\n\t\t\t\t\t\t<\/div>\n\t\t\t\t<\/div>\n\t\t\t\t\t<\/div>\n\t\t\t\t<\/div>\n\t\t\t\t<\/div>\n\t\t","protected":false},"excerpt":{"rendered":"<p>Dragon Kids Spolo\u010dnos\u0165Hrebendov\u00e1 44\/C811 02 Bratislava &#8211; Star\u00e9 MestoI\u010cO: 53826043DI\u010c: 2121507212 \u0160k\u00f4lka Dragon Kids Bansk\u00e1 Bystrica Spojov\u00e1 19974 01\u00a0 Bansk\u00e1 BystricaSlovensko Email infobb@skolkadragonkids.sk Telef\u00f3n +421 918 328 039<\/p>","protected":false},"author":1,"featured_media":0,"parent":24539,"menu_order":0,"comment_status":"closed","ping_status":"closed","template":"elementor_header_footer","meta":{"footnotes":""},"class_list":["post-24548","page","type-page","status-publish","hentry"],"_links":{"self":[{"href":"https:\/\/skolkadragonkids.sk\/en\/wp-json\/wp\/v2\/pages\/24548","targetHints":{"allow":["GET"]}}],"collection":[{"href":"https:\/\/skolkadragonkids.sk\/en\/wp-json\/wp\/v2\/pages"}],"about":[{"href":"https:\/\/skolkadragonkids.sk\/en\/wp-json\/wp\/v2\/types\/page"}],"author":[{"embeddable":true,"href":"https:\/\/skolkadragonkids.sk\/en\/wp-json\/wp\/v2\/users\/1"}],"replies":[{"embeddable":true,"href":"https:\/\/skolkadragonkids.sk\/en\/wp-json\/wp\/v2\/comments?post=24548"}],"version-history":[{"count":0,"href":"https:\/\/skolkadragonkids.sk\/en\/wp-json\/wp\/v2\/pages\/24548\/revisions"}],"up":[{"embeddable":true,"href":"https:\/\/skolkadragonkids.sk\/en\/wp-json\/wp\/v2\/pages\/24539"}],"wp:attachment":[{"href":"https:\/\/skolkadragonkids.sk\/en\/wp-json\/wp\/v2\/media?parent=24548"}],"curies":[{"name":"wp","href":"https:\/\/api.w.org\/{rel}","templated":true}]}}