{"id":24163,"date":"2024-02-23T15:38:31","date_gmt":"2024-02-23T14:38:31","guid":{"rendered":"https:\/\/skolkadragonkids.sk\/?page_id=24163"},"modified":"2024-12-03T07:40:02","modified_gmt":"2024-12-03T06:40:02","slug":"domov","status":"publish","type":"page","link":"https:\/\/skolkadragonkids.sk\/en\/","title":{"rendered":"Domov"},"content":{"rendered":"<div data-elementor-type=\"wp-page\" data-elementor-id=\"24163\" class=\"elementor elementor-24163\">\n\t\t\t\t<div class=\"elementor-element elementor-element-900c935 e-flex e-con-boxed e-con e-parent\" data-id=\"900c935\" data-element_type=\"container\">\n\t\t\t\t\t<div class=\"e-con-inner\">\n\t\t<div class=\"elementor-element elementor-element-48ba7d4 e-con-full e-flex e-con e-child\" data-id=\"48ba7d4\" data-element_type=\"container\">\n\t\t\t\t<div class=\"elementor-element elementor-element-8c2e72c elementor-widget elementor-widget-heading\" data-id=\"8c2e72c\" data-element_type=\"widget\" data-widget_type=\"heading.default\">\n\t\t\t\t<div class=\"elementor-widget-container\">\n\t\t\t\t\t<span class=\"elementor-heading-title elementor-size-default\">Svetov\u00ed l\u00eddri \u0161tartuj\u00fa od plienok \u200b<\/span>\t\t\t\t<\/div>\n\t\t\t\t<\/div>\n\t\t\t\t<div class=\"elementor-element elementor-element-e12b047 elementor-widget__width-inherit elementor-widget elementor-widget-image\" data-id=\"e12b047\" data-element_type=\"widget\" data-settings=\"{&quot;motion_fx_motion_fx_mouse&quot;:&quot;yes&quot;,&quot;motion_fx_tilt_effect&quot;:&quot;yes&quot;,&quot;motion_fx_tilt_speed&quot;:{&quot;unit&quot;:&quot;px&quot;,&quot;size&quot;:2,&quot;sizes&quot;:[]}}\" data-widget_type=\"image.default\">\n\t\t\t\t<div class=\"elementor-widget-container\">\n\t\t\t\t\t\t\t\t\t\t\t\t\t\t\t<img fetchpriority=\"high\" decoding=\"async\" width=\"1138\" height=\"239\" src=\"https:\/\/skolkadragonkids.sk\/wp-content\/uploads\/2024\/04\/logo-skolkadragonkids-sirka.svg\" class=\"attachment-full size-full wp-image-25004\" alt=\"\" \/>\t\t\t\t\t\t\t\t\t\t\t\t\t\t\t<\/div>\n\t\t\t\t<\/div>\n\t\t\t\t<div class=\"elementor-element elementor-element-1529377 elementor-widget elementor-widget-text-editor\" data-id=\"1529377\" data-element_type=\"widget\" data-widget_type=\"text-editor.default\">\n\t\t\t\t<div class=\"elementor-widget-container\">\n\t\t\t\t\t\t\t\t\t<p>Matersk\u00e1 \u0161kola registrovan\u00e1 v sieti \u0161k\u00f4l Ministerstva \u0161kolstva Slovenskej republiky<\/p>\t\t\t\t\t\t\t\t<\/div>\n\t\t\t\t<\/div>\n\t\t\t\t<div class=\"elementor-element elementor-element-8d1370f elementor-widget-divider--view-line elementor-widget elementor-widget-divider\" data-id=\"8d1370f\" data-element_type=\"widget\" data-widget_type=\"divider.default\">\n\t\t\t\t<div class=\"elementor-widget-container\">\n\t\t\t\t\t\t\t<div class=\"elementor-divider\">\n\t\t\t<span class=\"elementor-divider-separator\">\n\t\t\t\t\t\t<\/span>\n\t\t<\/div>\n\t\t\t\t\t\t<\/div>\n\t\t\t\t<\/div>\n\t\t\t\t<\/div>\n\t\t\t\t\t<\/div>\n\t\t\t\t<\/div>\n\t\t<div class=\"elementor-element elementor-element-72c73e8 e-flex e-con-boxed e-con e-parent\" data-id=\"72c73e8\" data-element_type=\"container\">\n\t\t\t\t\t<div class=\"e-con-inner\">\n\t\t<div class=\"elementor-element elementor-element-8d6d94d e-flex e-con-boxed e-con e-child\" data-id=\"8d6d94d\" data-element_type=\"container\">\n\t\t\t\t\t<div class=\"e-con-inner\">\n\t\t\t\t<div class=\"elementor-element elementor-element-3971265 elementor-widget elementor-widget-heading\" data-id=\"3971265\" data-element_type=\"widget\" data-widget_type=\"heading.default\">\n\t\t\t\t<div class=\"elementor-widget-container\">\n\t\t\t\t\t<p class=\"elementor-heading-title elementor-size-default\">Vyberte si mesto \u0161k\u00f4lky<\/p>\t\t\t\t<\/div>\n\t\t\t\t<\/div>\n\t\t\t\t\t<\/div>\n\t\t\t\t<\/div>\n\t\t<div class=\"elementor-element elementor-element-54fb050 e-con-full e-flex e-con e-child\" data-id=\"54fb050\" data-element_type=\"container\">\n\t\t\t\t<div class=\"elementor-element elementor-element-0d1db6f elementor-align-justify elementor-widget__width-initial elementor-invisible elementor-widget elementor-widget-button\" data-id=\"0d1db6f\" data-element_type=\"widget\" data-settings=\"{&quot;_animation&quot;:&quot;fadeInRight&quot;}\" data-widget_type=\"button.default\">\n\t\t\t\t<div class=\"elementor-widget-container\">\n\t\t\t\t\t\t\t\t\t<div class=\"elementor-button-wrapper\">\n\t\t\t\t\t<a class=\"elementor-button elementor-button-link elementor-size-lg elementor-animation-grow\" href=\"\/en\/ba\/\">\n\t\t\t\t\t\t<span class=\"elementor-button-content-wrapper\">\n\t\t\t\t\t\t\t\t\t<span class=\"elementor-button-text\">Bratislava<\/span>\n\t\t\t\t\t<\/span>\n\t\t\t\t\t<\/a>\n\t\t\t\t<\/div>\n\t\t\t\t\t\t\t\t<\/div>\n\t\t\t\t<\/div>\n\t\t\t\t<\/div>\n\t\t<div class=\"elementor-element elementor-element-f60146a e-con-full e-flex e-con e-child\" data-id=\"f60146a\" data-element_type=\"container\">\n\t\t\t\t<div class=\"elementor-element elementor-element-cfc98f1 elementor-align-justify elementor-widget__width-initial elementor-invisible elementor-widget elementor-widget-button\" data-id=\"cfc98f1\" data-element_type=\"widget\" data-settings=\"{&quot;motion_fx_motion_fx_mouse&quot;:&quot;yes&quot;,&quot;_animation&quot;:&quot;fadeInLeft&quot;}\" data-widget_type=\"button.default\">\n\t\t\t\t<div class=\"elementor-widget-container\">\n\t\t\t\t\t\t\t\t\t<div class=\"elementor-button-wrapper\">\n\t\t\t\t\t<a class=\"elementor-button elementor-button-link elementor-size-lg elementor-animation-grow\" href=\"\/en\/bb\/\">\n\t\t\t\t\t\t<span class=\"elementor-button-content-wrapper\">\n\t\t\t\t\t\t\t\t\t<span class=\"elementor-button-text\">Bansk\u00e1 Bystrica<\/span>\n\t\t\t\t\t<\/span>\n\t\t\t\t\t<\/a>\n\t\t\t\t<\/div>\n\t\t\t\t\t\t\t\t<\/div>\n\t\t\t\t<\/div>\n\t\t\t\t<\/div>\n\t\t\t\t\t<\/div>\n\t\t\t\t<\/div>\n\t\t<div class=\"elementor-element elementor-element-cd0f98e e-con-full e-flex e-con e-parent\" data-id=\"cd0f98e\" data-element_type=\"container\">\n\t\t<div class=\"elementor-element elementor-element-dcee7bd e-con-full e-flex e-con e-child\" data-id=\"dcee7bd\" data-element_type=\"container\">\n\t\t\t\t<div class=\"elementor-element elementor-element-e3cff65 imgshadow4 elementor-widget elementor-widget-image\" data-id=\"e3cff65\" data-element_type=\"widget\" data-widget_type=\"image.default\">\n\t\t\t\t<div class=\"elementor-widget-container\">\n\t\t\t\t\t\t\t\t\t\t\t\t\t\t\t<img decoding=\"async\" width=\"1600\" height=\"942\" src=\"https:\/\/skolkadragonkids.sk\/wp-content\/uploads\/2024\/04\/uvodny.png\" class=\"attachment-full size-full wp-image-25018\" alt=\"\" srcset=\"https:\/\/skolkadragonkids.sk\/wp-content\/uploads\/2024\/04\/uvodny.png 1600w, https:\/\/skolkadragonkids.sk\/wp-content\/uploads\/2024\/04\/uvodny-400x236.png 400w, https:\/\/skolkadragonkids.sk\/wp-content\/uploads\/2024\/04\/uvodny-1300x765.png 1300w, https:\/\/skolkadragonkids.sk\/wp-content\/uploads\/2024\/04\/uvodny-768x452.png 768w, https:\/\/skolkadragonkids.sk\/wp-content\/uploads\/2024\/04\/uvodny-1536x904.png 1536w, https:\/\/skolkadragonkids.sk\/wp-content\/uploads\/2024\/04\/uvodny-18x12.png 18w\" sizes=\"(max-width: 1600px) 100vw, 1600px\" \/>\t\t\t\t\t\t\t\t\t\t\t\t\t\t\t<\/div>\n\t\t\t\t<\/div>\n\t\t\t\t<\/div>\n\t\t\t\t<\/div>\n\t\t<div class=\"elementor-element elementor-element-2583f8f e-flex e-con-boxed e-con e-parent\" data-id=\"2583f8f\" data-element_type=\"container\" data-settings=\"{&quot;background_background&quot;:&quot;classic&quot;,&quot;shape_divider_top&quot;:&quot;curve&quot;}\">\n\t\t\t\t\t<div class=\"e-con-inner\">\n\t\t\t\t<div class=\"elementor-shape elementor-shape-top\" data-negative=\"false\">\n\t\t\t<svg xmlns=\"http:\/\/www.w3.org\/2000\/svg\" viewbox=\"0 0 1000 100\" preserveaspectratio=\"none\">\n    <path class=\"elementor-shape-fill\" d=\"M1000,4.3V0H0v4.3C0.9,23.1,126.7,99.2,500,100S1000,22.7,1000,4.3z\"\/>\n<\/svg>\t\t<\/div>\n\t\t<div class=\"elementor-element elementor-element-00f1042 e-con-full e-flex e-con e-child\" data-id=\"00f1042\" data-element_type=\"container\">\n\t\t\t\t<div class=\"elementor-element elementor-element-76582ca elementor-widget elementor-widget-text-editor\" data-id=\"76582ca\" data-element_type=\"widget\" data-widget_type=\"text-editor.default\">\n\t\t\t\t<div class=\"elementor-widget-container\">\n\t\t\t\t\t\t\t\t\tPre\u010do pr\u00e1ve\u00a0<strong>Dragon Kids<\/strong>?\t\t\t\t\t\t\t\t<\/div>\n\t\t\t\t<\/div>\n\t\t\t\t<div class=\"elementor-element elementor-element-0bc988f elementor-widget-divider--view-line elementor-widget elementor-widget-divider\" data-id=\"0bc988f\" data-element_type=\"widget\" data-widget_type=\"divider.default\">\n\t\t\t\t<div class=\"elementor-widget-container\">\n\t\t\t\t\t\t\t<div class=\"elementor-divider\">\n\t\t\t<span class=\"elementor-divider-separator\">\n\t\t\t\t\t\t<\/span>\n\t\t<\/div>\n\t\t\t\t\t\t<\/div>\n\t\t\t\t<\/div>\n\t\t\t\t<div class=\"elementor-element elementor-element-967917d elementor-widget elementor-widget-text-editor\" data-id=\"967917d\" data-element_type=\"widget\" data-widget_type=\"text-editor.default\">\n\t\t\t\t<div class=\"elementor-widget-container\">\n\t\t\t\t\t\t\t\t\t<p>Sme unik\u00e1tna multilingv\u00e1lna matersk\u00e1 \u0161kola. Sk\u00fasen\u00ed zahrani\u010dn\u00ed lektori vyu\u010duj\u00fa \u010d\u00edn\u0161tinu, angli\u010dtinu a \u0161paniel\u010dinu prirodzenou a hravou formou. V\u0161estrenn\u00fd rozvoj obohacuj\u00e4u lekcie kaligrafie a hudby, hodiny kung fu, tai chi a j\u00f3gy. Pevn\u00e9 z\u00e1klady matematiky a logiky si deti osvja pomocou syst\u00e9mu Numicon. V na\u0161ej \u0161k\u00f4lke ver\u00edme, \u017ee kvalitn\u00e1 pr\u00edprava na \u017eivot sa za\u010d\u00edna u\u017e od plienok. Poskytujeme de\u0165om potrebn\u00e9 znalosti a vedomosti, aby mohli \u00faspe\u0161ne kr\u00e1\u010da\u0165 vpred vo svete, ktor\u00fd ich \u010dak\u00e1. Jedine\u010dn\u00fa rodinn\u00fa atmosf\u00e9ru mal\u00e9ho kolekt\u00edvu dop\u013a\u0148a zdrav\u00e1 strava a pohodov\u00e9 parkovanie.<\/p>\t\t\t\t\t\t\t\t<\/div>\n\t\t\t\t<\/div>\n\t\t\t\t<\/div>\n\t\t\t\t\t<\/div>\n\t\t\t\t<\/div>\n\t\t<div class=\"elementor-element elementor-element-b6bda5e e-flex e-con-boxed e-con e-parent\" data-id=\"b6bda5e\" data-element_type=\"container\">\n\t\t\t\t\t<div class=\"e-con-inner\">\n\t\t<div class=\"elementor-element elementor-element-cd3e1f9 e-con-full e-flex e-con e-child\" data-id=\"cd3e1f9\" data-element_type=\"container\">\n\t\t\t\t<div class=\"elementor-element elementor-element-e717521 elementor-widget elementor-widget-heading\" data-id=\"e717521\" data-element_type=\"widget\" data-widget_type=\"heading.default\">\n\t\t\t\t<div class=\"elementor-widget-container\">\n\t\t\t\t\t<p class=\"elementor-heading-title elementor-size-default\">Kontakty<\/p>\t\t\t\t<\/div>\n\t\t\t\t<\/div>\n\t\t\t\t<\/div>\n\t\t<div class=\"elementor-element elementor-element-171e159 e-con-full e-flex e-con e-child\" data-id=\"171e159\" data-element_type=\"container\">\n\t\t<div class=\"elementor-element elementor-element-9bc0b24 e-con-full e-flex e-con e-child\" data-id=\"9bc0b24\" data-element_type=\"container\">\n\t\t\t\t<div class=\"elementor-element elementor-element-70c0be5d elementor-widget elementor-widget-heading\" data-id=\"70c0be5d\" data-element_type=\"widget\" data-widget_type=\"heading.default\">\n\t\t\t\t<div class=\"elementor-widget-container\">\n\t\t\t\t\t<p class=\"elementor-heading-title elementor-size-default\">Bratislava<\/p>\t\t\t\t<\/div>\n\t\t\t\t<\/div>\n\t\t\t\t<\/div>\n\t\t<div class=\"elementor-element elementor-element-4c172e7b e-con-full e-flex e-con e-child\" data-id=\"4c172e7b\" data-element_type=\"container\">\n\t\t<div class=\"elementor-element elementor-element-97af556 e-con-full e-flex e-con e-child\" data-id=\"97af556\" data-element_type=\"container\" data-settings=\"{&quot;background_background&quot;:&quot;classic&quot;}\">\n\t\t\t\t<div class=\"elementor-element elementor-element-27167ffa elementor-position-left elementor-vertical-align-middle elementor-mobile-position-left elementor-view-default elementor-widget elementor-widget-icon-box\" data-id=\"27167ffa\" data-element_type=\"widget\" data-widget_type=\"icon-box.default\">\n\t\t\t\t<div class=\"elementor-widget-container\">\n\t\t\t\t\t\t\t<div class=\"elementor-icon-box-wrapper\">\n\n\t\t\t\t\t\t<div class=\"elementor-icon-box-icon\">\n\t\t\t\t<a href=\"mailto:info@skolkadragonkids.sk\" class=\"elementor-icon\" tabindex=\"-1\" aria-label=\"Email\">\n\t\t\t\t<i aria-hidden=\"true\" class=\"fas fa-envelope\"><\/i>\t\t\t\t<\/a>\n\t\t\t<\/div>\n\t\t\t\n\t\t\t\t\t\t<div class=\"elementor-icon-box-content\">\n\n\t\t\t\t\t\t\t\t\t<span class=\"elementor-icon-box-title\">\n\t\t\t\t\t\t<a href=\"mailto:info@skolkadragonkids.sk\" >\n\t\t\t\t\t\t\tEmail\t\t\t\t\t\t<\/a>\n\t\t\t\t\t<\/span>\n\t\t\t\t\n\t\t\t\t\n\t\t\t<\/div>\n\t\t\t\n\t\t<\/div>\n\t\t\t\t\t\t<\/div>\n\t\t\t\t<\/div>\n\t\t\t\t<div class=\"elementor-element elementor-element-68e96d9e elementor-widget elementor-widget-text-editor\" data-id=\"68e96d9e\" data-element_type=\"widget\" data-widget_type=\"text-editor.default\">\n\t\t\t\t<div class=\"elementor-widget-container\">\n\t\t\t\t\t\t\t\t\t<p><span style=\"color: #ffffff;\"><a style=\"color: #ffffff;\" href=\"mailto:info@skolkadragonkids.sk\" target=\"_blank\" rel=\"noopener\">info@skolkadragonkids.sk<\/a><\/span><\/p>\t\t\t\t\t\t\t\t<\/div>\n\t\t\t\t<\/div>\n\t\t\t\t<\/div>\n\t\t\t\t<\/div>\n\t\t<div class=\"elementor-element elementor-element-269a9ec e-con-full e-flex e-con e-child\" data-id=\"269a9ec\" data-element_type=\"container\">\n\t\t<div class=\"elementor-element elementor-element-2435417e e-con-full e-flex e-con e-child\" data-id=\"2435417e\" data-element_type=\"container\" data-settings=\"{&quot;background_background&quot;:&quot;classic&quot;}\">\n\t\t\t\t<div class=\"elementor-element elementor-element-10deb83e elementor-position-left elementor-vertical-align-middle elementor-mobile-position-left elementor-view-default elementor-widget elementor-widget-icon-box\" data-id=\"10deb83e\" data-element_type=\"widget\" data-widget_type=\"icon-box.default\">\n\t\t\t\t<div class=\"elementor-widget-container\">\n\t\t\t\t\t\t\t<div class=\"elementor-icon-box-wrapper\">\n\n\t\t\t\t\t\t<div class=\"elementor-icon-box-icon\">\n\t\t\t\t<a href=\"tel:+421%20911%20017%20071\" class=\"elementor-icon\" tabindex=\"-1\" aria-label=\"Telef\u00f3n\">\n\t\t\t\t<i aria-hidden=\"true\" class=\"fas fa-phone-alt\"><\/i>\t\t\t\t<\/a>\n\t\t\t<\/div>\n\t\t\t\n\t\t\t\t\t\t<div class=\"elementor-icon-box-content\">\n\n\t\t\t\t\t\t\t\t\t<span class=\"elementor-icon-box-title\">\n\t\t\t\t\t\t<a href=\"tel:+421%20911%20017%20071\" >\n\t\t\t\t\t\t\tTelef\u00f3n\t\t\t\t\t\t<\/a>\n\t\t\t\t\t<\/span>\n\t\t\t\t\n\t\t\t\t\n\t\t\t<\/div>\n\t\t\t\n\t\t<\/div>\n\t\t\t\t\t\t<\/div>\n\t\t\t\t<\/div>\n\t\t\t\t<div class=\"elementor-element elementor-element-388f5681 elementor-widget elementor-widget-text-editor\" data-id=\"388f5681\" data-element_type=\"widget\" data-widget_type=\"text-editor.default\">\n\t\t\t\t<div class=\"elementor-widget-container\">\n\t\t\t\t\t\t\t\t\t<p><span style=\"color: #ffffff;\"><a style=\"color: #ffffff;\" href=\"tel:+421 911 017 071\" target=\"_blank\" rel=\"noopener\">+421 911 017 071<\/a><\/span><\/p>\t\t\t\t\t\t\t\t<\/div>\n\t\t\t\t<\/div>\n\t\t\t\t<\/div>\n\t\t\t\t<\/div>\n\t\t<div class=\"elementor-element elementor-element-c09fefa e-con-full e-flex e-con e-child\" data-id=\"c09fefa\" data-element_type=\"container\">\n\t\t\t\t<div class=\"elementor-element elementor-element-7e439ab5 elementor-widget elementor-widget-text-editor\" data-id=\"7e439ab5\" data-element_type=\"widget\" data-widget_type=\"text-editor.default\">\n\t\t\t\t<div class=\"elementor-widget-container\">\n\t\t\t\t\t\t\t\t\t<div class=\"wc149address-title\"><div class=\"wc149address-title\"><div class=\"wc149address-title\"><div class=\"wc149address-title\"><strong>\u0160k\u00f4lka Dragon Kids Bratislava<\/strong><\/div><div class=\"wc149address-value\">Hrebendov\u00e1 44\/C<\/div><div class=\"wc149address-value\">811 02 Bratislava &#8211; Star\u00e9 Mesto<\/div><\/div><\/div><\/div>\t\t\t\t\t\t\t\t<\/div>\n\t\t\t\t<\/div>\n\t\t\t\t<div class=\"elementor-element elementor-element-eca282b elementor-widget elementor-widget-google_maps\" data-id=\"eca282b\" data-element_type=\"widget\" data-widget_type=\"google_maps.default\">\n\t\t\t\t<div class=\"elementor-widget-container\">\n\t\t\t\t\t\t\t<div class=\"elementor-custom-embed\">\n\t\t\t<iframe loading=\"lazy\"\n\t\t\t\t\tsrc=\"https:\/\/maps.google.com\/maps?q=Dragon%20Kids%20Bratislava&#038;t=m&#038;z=14&#038;output=embed&#038;iwloc=near\"\n\t\t\t\t\ttitle=\"Dragon Kids Bratislava\"\n\t\t\t\t\taria-label=\"Dragon Kids Bratislava\"\n\t\t\t><\/iframe>\n\t\t<\/div>\n\t\t\t\t\t\t<\/div>\n\t\t\t\t<\/div>\n\t\t\t\t<\/div>\n\t\t\t\t<\/div>\n\t\t<div class=\"elementor-element elementor-element-82de84c e-con-full e-flex e-con e-child\" data-id=\"82de84c\" data-element_type=\"container\">\n\t\t<div class=\"elementor-element elementor-element-885b4a0 e-con-full e-flex e-con e-child\" data-id=\"885b4a0\" data-element_type=\"container\">\n\t\t\t\t<div class=\"elementor-element elementor-element-8d95370 elementor-widget elementor-widget-heading\" data-id=\"8d95370\" data-element_type=\"widget\" data-widget_type=\"heading.default\">\n\t\t\t\t<div class=\"elementor-widget-container\">\n\t\t\t\t\t<p class=\"elementor-heading-title elementor-size-default\">Bansk\u00e1 bystrica<\/p>\t\t\t\t<\/div>\n\t\t\t\t<\/div>\n\t\t\t\t<\/div>\n\t\t<div class=\"elementor-element elementor-element-86bfff0 e-con-full e-flex e-con e-child\" data-id=\"86bfff0\" data-element_type=\"container\">\n\t\t<div class=\"elementor-element elementor-element-945e613 e-con-full e-flex e-con e-child\" data-id=\"945e613\" data-element_type=\"container\" data-settings=\"{&quot;background_background&quot;:&quot;classic&quot;}\">\n\t\t\t\t<div class=\"elementor-element elementor-element-2faf6c7 elementor-position-left elementor-vertical-align-middle elementor-mobile-position-left elementor-view-default elementor-widget elementor-widget-icon-box\" data-id=\"2faf6c7\" data-element_type=\"widget\" data-widget_type=\"icon-box.default\">\n\t\t\t\t<div class=\"elementor-widget-container\">\n\t\t\t\t\t\t\t<div class=\"elementor-icon-box-wrapper\">\n\n\t\t\t\t\t\t<div class=\"elementor-icon-box-icon\">\n\t\t\t\t<a href=\"mailto:infobb@skolkadragonkids.sk\" class=\"elementor-icon\" tabindex=\"-1\" aria-label=\"Email\">\n\t\t\t\t<i aria-hidden=\"true\" class=\"fas fa-envelope\"><\/i>\t\t\t\t<\/a>\n\t\t\t<\/div>\n\t\t\t\n\t\t\t\t\t\t<div class=\"elementor-icon-box-content\">\n\n\t\t\t\t\t\t\t\t\t<span class=\"elementor-icon-box-title\">\n\t\t\t\t\t\t<a href=\"mailto:infobb@skolkadragonkids.sk\" >\n\t\t\t\t\t\t\tEmail\t\t\t\t\t\t<\/a>\n\t\t\t\t\t<\/span>\n\t\t\t\t\n\t\t\t\t\n\t\t\t<\/div>\n\t\t\t\n\t\t<\/div>\n\t\t\t\t\t\t<\/div>\n\t\t\t\t<\/div>\n\t\t\t\t<div class=\"elementor-element elementor-element-0bf2476 elementor-widget elementor-widget-text-editor\" data-id=\"0bf2476\" data-element_type=\"widget\" data-widget_type=\"text-editor.default\">\n\t\t\t\t<div class=\"elementor-widget-container\">\n\t\t\t\t\t\t\t\t\t<p><span style=\"color: #ffffff;\"><a style=\"color: #ffffff;\" href=\"mailto:infobb@skolkadragonkids.sk\" target=\"_blank\" rel=\"noopener\">infobb@skolkadragonkids.sk<\/a><\/span><\/p>\t\t\t\t\t\t\t\t<\/div>\n\t\t\t\t<\/div>\n\t\t\t\t<\/div>\n\t\t\t\t<\/div>\n\t\t<div class=\"elementor-element elementor-element-766790a e-con-full e-flex e-con e-child\" data-id=\"766790a\" data-element_type=\"container\">\n\t\t<div class=\"elementor-element elementor-element-bf40618 e-con-full e-flex e-con e-child\" data-id=\"bf40618\" data-element_type=\"container\" data-settings=\"{&quot;background_background&quot;:&quot;classic&quot;}\">\n\t\t\t\t<div class=\"elementor-element elementor-element-25101fd elementor-position-left elementor-vertical-align-middle elementor-mobile-position-left elementor-view-default elementor-widget elementor-widget-icon-box\" data-id=\"25101fd\" data-element_type=\"widget\" data-widget_type=\"icon-box.default\">\n\t\t\t\t<div class=\"elementor-widget-container\">\n\t\t\t\t\t\t\t<div class=\"elementor-icon-box-wrapper\">\n\n\t\t\t\t\t\t<div class=\"elementor-icon-box-icon\">\n\t\t\t\t<a href=\"tel:+421918328039\" class=\"elementor-icon\" tabindex=\"-1\" aria-label=\"Telef\u00f3n\">\n\t\t\t\t<i aria-hidden=\"true\" class=\"fas fa-phone-alt\"><\/i>\t\t\t\t<\/a>\n\t\t\t<\/div>\n\t\t\t\n\t\t\t\t\t\t<div class=\"elementor-icon-box-content\">\n\n\t\t\t\t\t\t\t\t\t<span class=\"elementor-icon-box-title\">\n\t\t\t\t\t\t<a href=\"tel:+421918328039\" >\n\t\t\t\t\t\t\tTelef\u00f3n\t\t\t\t\t\t<\/a>\n\t\t\t\t\t<\/span>\n\t\t\t\t\n\t\t\t\t\n\t\t\t<\/div>\n\t\t\t\n\t\t<\/div>\n\t\t\t\t\t\t<\/div>\n\t\t\t\t<\/div>\n\t\t\t\t<div class=\"elementor-element elementor-element-2322ed7 elementor-widget elementor-widget-text-editor\" data-id=\"2322ed7\" data-element_type=\"widget\" data-widget_type=\"text-editor.default\">\n\t\t\t\t<div class=\"elementor-widget-container\">\n\t\t\t\t\t\t\t\t\t<p><span style=\"color: #ffffff;\"><a style=\"color: #ffffff;\" href=\"tel:+421918328039\" data-wplink-edit=\"true\">+421 918 328 039<\/a><\/span><\/p>\t\t\t\t\t\t\t\t<\/div>\n\t\t\t\t<\/div>\n\t\t\t\t<\/div>\n\t\t\t\t<\/div>\n\t\t<div class=\"elementor-element elementor-element-4e33d69 e-con-full e-flex e-con e-child\" data-id=\"4e33d69\" data-element_type=\"container\">\n\t\t\t\t<div class=\"elementor-element elementor-element-17f2d0f elementor-widget elementor-widget-text-editor\" data-id=\"17f2d0f\" data-element_type=\"widget\" data-widget_type=\"text-editor.default\">\n\t\t\t\t<div class=\"elementor-widget-container\">\n\t\t\t\t\t\t\t\t\t<div class=\"wc149address-title\"><div class=\"wc149address-title\"><div class=\"wc149address-title\"><div class=\"wc149address-title\"><strong>\u0160k\u00f4lka Dragon Kids Bansk\u00e1 Bystrica<\/strong><\/div><div>Spojov\u00e1 6308\/19, <br \/>974 04 Bansk\u00e1 Bystrica<\/div><\/div><\/div><\/div>\t\t\t\t\t\t\t\t<\/div>\n\t\t\t\t<\/div>\n\t\t\t\t<div class=\"elementor-element elementor-element-50c22a1 elementor-widget elementor-widget-google_maps\" data-id=\"50c22a1\" data-element_type=\"widget\" data-widget_type=\"google_maps.default\">\n\t\t\t\t<div class=\"elementor-widget-container\">\n\t\t\t\t\t\t\t<div class=\"elementor-custom-embed\">\n\t\t\t<iframe loading=\"lazy\"\n\t\t\t\t\tsrc=\"https:\/\/maps.google.com\/maps?q=Dragon%20Kids%20Bansk%C3%A1%20Bystrica&#038;t=m&#038;z=14&#038;output=embed&#038;iwloc=near\"\n\t\t\t\t\ttitle=\"Dragon Kids Bansk\u00e1 Bystrica\"\n\t\t\t\t\taria-label=\"Dragon Kids Bansk\u00e1 Bystrica\"\n\t\t\t><\/iframe>\n\t\t<\/div>\n\t\t\t\t\t\t<\/div>\n\t\t\t\t<\/div>\n\t\t\t\t<\/div>\n\t\t\t\t<\/div>\n\t\t\t\t\t<\/div>\n\t\t\t\t<\/div>\n\t\t\t\t<\/div>","protected":false},"excerpt":{"rendered":"<p>Svetov\u00ed l\u00eddri \u0161tartuj\u00fa od plienok \u200b Matersk\u00e1 \u0161kola registrovan\u00e1 v sieti \u0161k\u00f4l Ministerstva \u0161kolstva Slovenskej republiky Vyberte si mesto \u0161k\u00f4lky Bratislava Bansk\u00e1 Bystrica Pre\u010do pr\u00e1ve\u00a0Dragon Kids? Sme unik\u00e1tna multilingv\u00e1lna matersk\u00e1 \u0161kola. Sk\u00fasen\u00ed zahrani\u010dn\u00ed lektori vyu\u010duj\u00fa \u010d\u00edn\u0161tinu, angli\u010dtinu a \u0161paniel\u010dinu prirodzenou a hravou formou. V\u0161estrenn\u00fd rozvoj obohacuj\u00e4u lekcie kaligrafie a hudby, hodiny kung fu, tai chi [&hellip;]<\/p>\n","protected":false},"author":1,"featured_media":0,"parent":0,"menu_order":0,"comment_status":"closed","ping_status":"closed","template":"elementor_header_footer","meta":{"footnotes":""},"class_list":["post-24163","page","type-page","status-publish","hentry"],"_links":{"self":[{"href":"https:\/\/skolkadragonkids.sk\/en\/wp-json\/wp\/v2\/pages\/24163","targetHints":{"allow":["GET"]}}],"collection":[{"href":"https:\/\/skolkadragonkids.sk\/en\/wp-json\/wp\/v2\/pages"}],"about":[{"href":"https:\/\/skolkadragonkids.sk\/en\/wp-json\/wp\/v2\/types\/page"}],"author":[{"embeddable":true,"href":"https:\/\/skolkadragonkids.sk\/en\/wp-json\/wp\/v2\/users\/1"}],"replies":[{"embeddable":true,"href":"https:\/\/skolkadragonkids.sk\/en\/wp-json\/wp\/v2\/comments?post=24163"}],"version-history":[{"count":0,"href":"https:\/\/skolkadragonkids.sk\/en\/wp-json\/wp\/v2\/pages\/24163\/revisions"}],"wp:attachment":[{"href":"https:\/\/skolkadragonkids.sk\/en\/wp-json\/wp\/v2\/media?parent=24163"}],"curies":[{"name":"wp","href":"https:\/\/api.w.org\/{rel}","templated":true}]}}